{"id":91,"date":"2025-02-26T17:03:27","date_gmt":"2025-02-26T17:03:27","guid":{"rendered":"https:\/\/tiinanuto.fi\/?page_id=91"},"modified":"2025-03-19T17:48:23","modified_gmt":"2025-03-19T17:48:23","slug":"palvelut","status":"publish","type":"page","link":"https:\/\/tiinanuto.fi\/index.php\/palvelut\/","title":{"rendered":"Palvelut"},"content":{"rendered":"\n<p>PSYKOTERAPIA<br><strong>Pitk\u00e4<\/strong> (vuosi tai useita) <br>\u25cf 95 \u20ac \/45 min<br>Kelalta voi saada tukea <a href=\"https:\/\/www.kela.fi\/kuntoutuspsykoterapia\" data-type=\"link\" data-id=\"https:\/\/www.kela.fi\/kuntoutuspsykoterapia\" target=\"_blank\" rel=\"noreferrer noopener\">kuntoutuspsykoterapia<\/a>an tai <a href=\"https:\/\/www.kela.fi\/vaativa-laakinnalinen-kuntoutus-nain-haet\" data-type=\"link\" data-id=\"https:\/\/www.kela.fi\/vaativa-laakinnalinen-kuntoutus-nain-haet\" target=\"_blank\" rel=\"noreferrer noopener\">vaativaan l\u00e4\u00e4kinn\u00e4lliseen psykoterapia<\/a>an,  omavastuu tuen j\u00e4lkeen:<br>\u25cf 38 \u20ac \/45 min <br>\u25cf 66 \u20ac \/ 90 min tai 2 x vko<\/p>\n\n\n\n<p><strong>Lyhyt<\/strong> (5-20 krt)<br>\u25cf 95 \u20ac \/45 min<br>Lyhytpsykoterapiassa voi nopeastikin saavuttaa toivottuja muutoksia omaan toimintaan, asenteisiin, kehosuhteeseen tai min\u00e4kuvaan \u2013 turvallisesti. <br>Jos asiakas saa Helsingin terveysasemal\u00e4\u00e4k\u00e4rilt\u00e4 palvelusetelin, k\u00e4ynti ei maksa h\u00e4nelle mit\u00e4\u00e4n. Minulla on palveluntuottajasopimus Helsingin kaupungin kanssa. <a href=\"https:\/\/palse.fi\/\" target=\"_blank\" rel=\"noreferrer noopener\">palse.fi<\/a><\/p>\n\n\n\n<p>RYHM\u00c4PSYKOTERAPIA (3-5 j\u00e4sent\u00e4)<br><strong>Pitk\u00e4<\/strong> (v\u00e4hint\u00e4\u00e4n vuosi) <br><strong>Lyhyt<\/strong> (5-10 krt)  <br>\u25cf 52 \u20ac \/90 min<br>Kelalta voi saada tukea ryhm\u00e4pykoterapiaan, omavastuu<br>\u25cf 9 \u20ac \/90 min <\/p>\n\n\n\n<p><strong>Tutustumisk\u00e4ynti<\/strong><br>\u25cf 65 \u20ac \/60 min<\/p>\n\n\n\n<p><strong>EMDR-terapia<\/strong> on psykoterapian ty\u00f6v\u00e4line, erityisesti traumojen hoidossa. Lis\u00e4tietoa <a href=\"https:\/\/emdr.fi\/\" target=\"_blank\" rel=\"noreferrer noopener\">silm\u00e4nliiketerapia<\/a>sta<br>\u25cf 95 \u20ac \/45 min ja 150 \u20ac \/90 min<\/p>\n\n\n\n<p>TY\u00d6NOHJAUS<br>Kehollisia menetelmi\u00e4 hy\u00f6dynt\u00e4v\u00e4 ty\u00f6nohjaus ryhmille ja yksil\u00f6ille, erityisesti sosiaali- ja terveydenhuoltoala. Mm. uupumuksen hoito, palautumiskeinot ja stressins\u00e4\u00e4tely. <br>\u25cf 180 \u20ac \/90 min<br>\u25cf  220 \u20ac \/90 min max 4 henke\u00e4<\/p>\n\n\n\n<p><strong>Kurssit<\/strong><br>Seuraa ilmoittelua<\/p>\n\n\n\n<p><\/p>\n","protected":false},"excerpt":{"rendered":"<p>PSYKOTERAPIAPitk\u00e4 (vuosi tai useita) \u25cf 95 \u20ac \/45 minKelalta voi saada tukea kuntoutuspsykoterapiaan tai vaativaan l\u00e4\u00e4kinn\u00e4lliseen psykoterapiaan, omavastuu tuen j\u00e4lkeen:\u25cf 38 \u20ac \/45 min \u25cf 66 \u20ac \/ 90 min tai 2 x vko Lyhyt (5-20 krt)\u25cf 95 \u20ac \/45 minLyhytpsykoterapiassa voi nopeastikin saavuttaa toivottuja muutoksia omaan toimintaan, asenteisiin, kehosuhteeseen tai min\u00e4kuvaan \u2013 turvallisesti. Jos &hellip; <\/p>\n<p class=\"link-more\"><a href=\"https:\/\/tiinanuto.fi\/index.php\/palvelut\/\" class=\"more-link\">Jatka lukemista<span class=\"screen-reader-text\"> &#8221;Palvelut&#8221;<\/span><\/a><\/p>\n","protected":false},"author":1,"featured_media":364,"parent":0,"menu_order":0,"comment_status":"closed","ping_status":"closed","template":"","meta":{"footnotes":""},"class_list":["post-91","page","type-page","status-publish","has-post-thumbnail","hentry"],"_links":{"self":[{"href":"https:\/\/tiinanuto.fi\/index.php\/wp-json\/wp\/v2\/pages\/91","targetHints":{"allow":["GET"]}}],"collection":[{"href":"https:\/\/tiinanuto.fi\/index.php\/wp-json\/wp\/v2\/pages"}],"about":[{"href":"https:\/\/tiinanuto.fi\/index.php\/wp-json\/wp\/v2\/types\/page"}],"author":[{"embeddable":true,"href":"https:\/\/tiinanuto.fi\/index.php\/wp-json\/wp\/v2\/users\/1"}],"replies":[{"embeddable":true,"href":"https:\/\/tiinanuto.fi\/index.php\/wp-json\/wp\/v2\/comments?post=91"}],"version-history":[{"count":35,"href":"https:\/\/tiinanuto.fi\/index.php\/wp-json\/wp\/v2\/pages\/91\/revisions"}],"predecessor-version":[{"id":359,"href":"https:\/\/tiinanuto.fi\/index.php\/wp-json\/wp\/v2\/pages\/91\/revisions\/359"}],"wp:featuredmedia":[{"embeddable":true,"href":"https:\/\/tiinanuto.fi\/index.php\/wp-json\/wp\/v2\/media\/364"}],"wp:attachment":[{"href":"https:\/\/tiinanuto.fi\/index.php\/wp-json\/wp\/v2\/media?parent=91"}],"curies":[{"name":"wp","href":"https:\/\/api.w.org\/{rel}","templated":true}]}}