{"id":84,"date":"2025-02-26T16:58:53","date_gmt":"2025-02-26T16:58:53","guid":{"rendered":"https:\/\/tiinanuto.fi\/?page_id=84"},"modified":"2025-03-19T17:30:02","modified_gmt":"2025-03-19T17:30:02","slug":"tietoa-minusta","status":"publish","type":"page","link":"https:\/\/tiinanuto.fi\/index.php\/tietoa-minusta\/","title":{"rendered":"Tietoa minusta"},"content":{"rendered":"\n<figure class=\"wp-block-image size-large is-style-rounded\"><img loading=\"lazy\" decoding=\"async\" width=\"992\" height=\"1024\" src=\"https:\/\/tiinanuto.fi\/wp-content\/uploads\/2025\/02\/tiina_nuto-e1742404949684-992x1024.jpg\" alt=\"\" class=\"wp-image-79\" srcset=\"https:\/\/tiinanuto.fi\/wp-content\/uploads\/2025\/02\/tiina_nuto-e1742404949684-992x1024.jpg 992w, https:\/\/tiinanuto.fi\/wp-content\/uploads\/2025\/02\/tiina_nuto-e1742404949684-291x300.jpg 291w, https:\/\/tiinanuto.fi\/wp-content\/uploads\/2025\/02\/tiina_nuto-e1742404949684-768x793.jpg 768w, https:\/\/tiinanuto.fi\/wp-content\/uploads\/2025\/02\/tiina_nuto-e1742404949684.jpg 1122w\" sizes=\"auto, (max-width: 767px) 89vw, (max-width: 1000px) 54vw, (max-width: 1071px) 543px, 580px\" \/><\/figure>\n\n\n\n<p>Olen Tiina Nuto, <a href=\"https:\/\/www.kehopsykoterapia.fi\/\" data-type=\"link\" data-id=\"https:\/\/www.kehopsykoterapia.fi\/\" target=\"_blank\" rel=\"noreferrer noopener\">kehopsykoterapiaan<\/a> erikoistunut psykodynaaminen psykoterapeutti. Noin viidentoista vuoden ajan olen tehnyt aikuisten kanssa pitk\u00e4\u00e4 ja lyhytt\u00e4 yksil\u00f6psykoterapiaa, sek\u00e4 ohjannut ryhmi\u00e4. Ty\u00f6v\u00e4lineisiini kuuluu trauman hoidossa paljon k\u00e4ytetty silm\u00e4nliiketerapia <a href=\"https:\/\/emdr.fi\/\" data-type=\"link\" data-id=\"https:\/\/emdr.fi\/\" target=\"_blank\" rel=\"noreferrer noopener\">EMDR<\/a>. Ty\u00f6skentelen \u00e4idinkieleni suomen lis\u00e4ksi englanniksi ja espanjaksi. Asiakkaani tulevat valtav\u00e4est\u00f6n ohella useista etnisist\u00e4 ryhmist\u00e4. <\/p>\n\n\n\n<p>Sairaanhoitajan ty\u00f6kokemukseni on erikoissairaanhoidon psykiatriselta ja neurologiselta osastolta.<\/p>\n\n\n\n<p>Psykoterapia voi parantaa hyvinvointia jo muutamilla k\u00e4ynneill\u00e4, sill\u00e4 kaikilla on joskus vaikeuksia ja niist\u00e4 johtuvia henkisi\u00e4 tai\/ja fyysisi\u00e4 oireita. Psykoterapia on mielen ja kehon tavoitteellista hoitamista turvallisessa vuorovaikutussuhteessa.<\/p>\n\n\n\n<p>Pysyv\u00e4mm\u00e4t muutokset vaativat ehk\u00e4 jopa vuosien luottamuksellista ja kokemuksellista terapiaa. El\u00e4m\u00e4n aikana meille muodostuu pysyv\u00e4lt\u00e4 tuntuva k\u00e4sitys itsest\u00e4. Kokemus itsest\u00e4 on kehollinen, ja se ilmenee erilaisina j\u00e4nnityksin\u00e4, lukkiutumina ja asentoina. Alunperin suojaksemme kehittynyt luonne ja suhtautumis- sek\u00e4 toimintatapa voi kapeuttaa el\u00e4m\u00e4\u00e4, hankaloittaa ihmissuhteita ja est\u00e4\u00e4 yhteytt\u00e4 omaan sisimp\u00e4\u00e4n, kehon ja mielen t\u00e4ysipainoiseen yhteyteen.<\/p>\n\n\n\n<p>Ryhm\u00e4psykoterapia on muuten yksil\u00f6terapiaan verrattavaa, mutta turvallisessa ryhm\u00e4ss\u00e4 koettu vertaistuki voi merkitt\u00e4v\u00e4sti vahvistaa korjaavia kokemuksia itsest\u00e4 suhteessa muihin. <\/p>\n\n\n\n<p><strong>Millainen psykoterapeutti olen?<\/strong><br><br>Psykoterapeuttina olen luotettava ja aktiivisesti tukeva. Sovin terapian tavoitteet yhdess\u00e4 asiakkaan kanssa t\u00e4m\u00e4n ongelmien, el\u00e4m\u00e4ntilanteen ja terapian keston mukaan. J\u00e4rjest\u00e4n rauhallisen tilan tutkia itse\u00e4 ja kohdata vaikeitakin asioita. Autan j\u00e4sent\u00e4m\u00e4\u00e4n tunteita, ajatuksia ja kehotuntemuksia siten, ett\u00e4 ne voivat konkretisoitua arkeen uudenlaisina tekoina ja suhtautumistapoina.<\/p>\n\n\n\n<p>Joskus tavoitteeseen p\u00e4\u00e4see paremmin ilman sanoja, kehoa kuunnellen ja liikuttaen. Se voi tarkoittaa hengityksen, autonomisen hermoston ja kehon j\u00e4rjest\u00e4ytymisen huomioimista, tietoiseksi tulemista vuorovaikutustilanteisiin liittyv\u00e4st\u00e4 yhteydest\u00e4 tai sen katkoksista. Tiedostaminen suo mahdollisuuden l\u00f6yt\u00e4\u00e4 vaihtoehtoisia tapoja olla yhteydess\u00e4 syv\u00e4lle itseen, kehoon ja muihin ihmisiin.<\/p>\n\n\n\n<p><strong>Viestint\u00e4 ja kansainv\u00e4linen ty\u00f6<\/strong><\/p>\n\n\n\n<p>Olen ty\u00f6skennellyt journalistina ja viestinn\u00e4n ammattilaisena Suomessa ja Latinalaisessa Amerikassa. Asuin vuosia Keski-Amerikassa. &nbsp;<\/p>\n\n\n\n<p><strong>Eettiset periaatteet<\/strong><\/p>\n\n\n\n<p>Noudatan sosiaali- ja terveydenhuoltoalan lakeja sek\u00e4 Luonneanalyyttisen kehopsykoterapian eettisi\u00e4 periaatteita. K\u00e4yn s\u00e4\u00e4nn\u00f6llisesti psykoterapian ja EMDR-terapian ty\u00f6nohjauksessa. T\u00e4ydennyskoulutuksissa olen vuosittain.<br><a href=\"https:\/\/tiinanuto.fi\/wp-content\/uploads\/2025\/03\/Yksityisen-terveydenhuollon-omavalvontasuunnitelmaTN27012024.pdf\" data-type=\"link\" data-id=\"https:\/\/tiinanuto.fi\/wp-content\/uploads\/2025\/03\/Yksityisen-terveydenhuollon-omavalvontasuunnitelmaTN27012024.pdf\">Linkki omavalvontasuunnitelmaan<\/a>. Sis\u00e4lt\u00e4\u00e4 tietosuojatiedot.<\/p>\n","protected":false},"excerpt":{"rendered":"<p>Olen Tiina Nuto, kehopsykoterapiaan erikoistunut psykodynaaminen psykoterapeutti. Noin viidentoista vuoden ajan olen tehnyt aikuisten kanssa pitk\u00e4\u00e4 ja lyhytt\u00e4 yksil\u00f6psykoterapiaa, sek\u00e4 ohjannut ryhmi\u00e4. Ty\u00f6v\u00e4lineisiini kuuluu trauman hoidossa paljon k\u00e4ytetty silm\u00e4nliiketerapia EMDR. Ty\u00f6skentelen \u00e4idinkieleni suomen lis\u00e4ksi englanniksi ja espanjaksi. Asiakkaani tulevat valtav\u00e4est\u00f6n ohella useista etnisist\u00e4 ryhmist\u00e4. Sairaanhoitajan ty\u00f6kokemukseni on erikoissairaanhoidon psykiatriselta ja neurologiselta osastolta. Psykoterapia voi parantaa &hellip; <\/p>\n<p class=\"link-more\"><a href=\"https:\/\/tiinanuto.fi\/index.php\/tietoa-minusta\/\" class=\"more-link\">Jatka lukemista<span class=\"screen-reader-text\"> &#8221;Tietoa minusta&#8221;<\/span><\/a><\/p>\n","protected":false},"author":1,"featured_media":0,"parent":0,"menu_order":0,"comment_status":"closed","ping_status":"closed","template":"","meta":{"footnotes":""},"class_list":["post-84","page","type-page","status-publish","hentry"],"_links":{"self":[{"href":"https:\/\/tiinanuto.fi\/index.php\/wp-json\/wp\/v2\/pages\/84","targetHints":{"allow":["GET"]}}],"collection":[{"href":"https:\/\/tiinanuto.fi\/index.php\/wp-json\/wp\/v2\/pages"}],"about":[{"href":"https:\/\/tiinanuto.fi\/index.php\/wp-json\/wp\/v2\/types\/page"}],"author":[{"embeddable":true,"href":"https:\/\/tiinanuto.fi\/index.php\/wp-json\/wp\/v2\/users\/1"}],"replies":[{"embeddable":true,"href":"https:\/\/tiinanuto.fi\/index.php\/wp-json\/wp\/v2\/comments?post=84"}],"version-history":[{"count":81,"href":"https:\/\/tiinanuto.fi\/index.php\/wp-json\/wp\/v2\/pages\/84\/revisions"}],"predecessor-version":[{"id":361,"href":"https:\/\/tiinanuto.fi\/index.php\/wp-json\/wp\/v2\/pages\/84\/revisions\/361"}],"wp:attachment":[{"href":"https:\/\/tiinanuto.fi\/index.php\/wp-json\/wp\/v2\/media?parent=84"}],"curies":[{"name":"wp","href":"https:\/\/api.w.org\/{rel}","templated":true}]}}