{"id":81,"date":"2025-02-26T17:01:47","date_gmt":"2025-02-26T17:01:47","guid":{"rendered":"https:\/\/tiinanuto.fi\/?page_id=81"},"modified":"2025-03-12T08:52:30","modified_gmt":"2025-03-12T08:52:30","slug":"koulutukseni","status":"publish","type":"page","link":"https:\/\/tiinanuto.fi\/index.php\/koulutukseni\/","title":{"rendered":"Koulutukseni"},"content":{"rendered":"\n<p>T\u00e4ydennyskoulutuksia vuosittain<\/p>\n\n\n\n<p><strong>2024<\/strong> sertifioitu EMDR-psykoterapeutti (<a href=\"https:\/\/emdr.fi\/\" target=\"_blank\" rel=\"noreferrer noopener\">emdr.fi<\/a>)<\/p>\n\n\n\n<p><strong>2022<\/strong> asahi-ohjaaja (<a href=\"https:\/\/www.asahi.pro\/\" target=\"_blank\" rel=\"noreferrer noopener\">asahi-pro<\/a>)<\/p>\n\n\n\n<p><strong>2021<\/strong><a href=\"https:\/\/www.psykofyysinenpsykoterapia.fi\/\" target=\"_blank\" rel=\"noreferrer noopener\"> psykofyysinen psykoterapia<\/a> peruskoulutus<\/p>\n\n\n\n<p><strong>2018<\/strong> sairaanhoitaja\/certified nurse (<a href=\"https:\/\/www.metropolia.fi\/en\/academics\/bachelors-degrees\/nursing\" target=\"_blank\" rel=\"noreferrer noopener\">metropolia.fi\/nursing<\/a>)<\/p>\n\n\n\n<p><strong>2008<\/strong> Valvira sertifioitu yksil\u00f6psykoterapeutti , ryhm\u00e4psykoterapeutti<\/p>\n\n\n\n<p><strong>2007<\/strong> psykoterapeutti, <a href=\"https:\/\/www.kehopsykoterapia.fi\/\" target=\"_blank\" rel=\"noreferrer noopener\">luonnealanalyyttinen kehopsykoterapia<\/a><\/p>\n\n\n\n<p><\/p>\n\n\n\n<p>Muu koulutus<\/p>\n\n\n\n<p><strong>1994<\/strong> tiede- ja ymp\u00e4rist\u00f6journalismin erikoistumisohjelma<br><strong>1993<\/strong> yhteiskuntatieteiden maisteri , p\u00e4\u00e4aine tiedotusoppi, <br> laajat sivuaineopinnot psykologia<br><\/p>\n","protected":false},"excerpt":{"rendered":"<p>T\u00e4ydennyskoulutuksia vuosittain 2024 sertifioitu EMDR-psykoterapeutti (emdr.fi) 2022 asahi-ohjaaja (asahi-pro) 2021 psykofyysinen psykoterapia peruskoulutus 2018 sairaanhoitaja\/certified nurse (metropolia.fi\/nursing) 2008 Valvira sertifioitu yksil\u00f6psykoterapeutti , ryhm\u00e4psykoterapeutti 2007 psykoterapeutti, luonnealanalyyttinen kehopsykoterapia Muu koulutus 1994 tiede- ja ymp\u00e4rist\u00f6journalismin erikoistumisohjelma1993 yhteiskuntatieteiden maisteri , p\u00e4\u00e4aine tiedotusoppi, laajat sivuaineopinnot psykologia<\/p>\n","protected":false},"author":1,"featured_media":0,"parent":0,"menu_order":0,"comment_status":"closed","ping_status":"closed","template":"","meta":{"footnotes":""},"class_list":["post-81","page","type-page","status-publish","hentry"],"_links":{"self":[{"href":"https:\/\/tiinanuto.fi\/index.php\/wp-json\/wp\/v2\/pages\/81","targetHints":{"allow":["GET"]}}],"collection":[{"href":"https:\/\/tiinanuto.fi\/index.php\/wp-json\/wp\/v2\/pages"}],"about":[{"href":"https:\/\/tiinanuto.fi\/index.php\/wp-json\/wp\/v2\/types\/page"}],"author":[{"embeddable":true,"href":"https:\/\/tiinanuto.fi\/index.php\/wp-json\/wp\/v2\/users\/1"}],"replies":[{"embeddable":true,"href":"https:\/\/tiinanuto.fi\/index.php\/wp-json\/wp\/v2\/comments?post=81"}],"version-history":[{"count":17,"href":"https:\/\/tiinanuto.fi\/index.php\/wp-json\/wp\/v2\/pages\/81\/revisions"}],"predecessor-version":[{"id":186,"href":"https:\/\/tiinanuto.fi\/index.php\/wp-json\/wp\/v2\/pages\/81\/revisions\/186"}],"wp:attachment":[{"href":"https:\/\/tiinanuto.fi\/index.php\/wp-json\/wp\/v2\/media?parent=81"}],"curies":[{"name":"wp","href":"https:\/\/api.w.org\/{rel}","templated":true}]}}