{"id":46,"date":"2025-02-26T13:35:46","date_gmt":"2025-02-26T13:35:46","guid":{"rendered":"https:\/\/tiinanuto.fi\/?page_id=46"},"modified":"2025-03-17T06:20:45","modified_gmt":"2025-03-17T06:20:45","slug":"etusivu","status":"publish","type":"page","link":"https:\/\/tiinanuto.fi\/","title":{"rendered":"Etusivu"},"content":{"rendered":"\n<p><strong>Tiina Nuto<\/strong> \u2013 psykoterapeutti, kehopsykoterapeutti, EMDR-terapeutti, sairaanhoitaja, journalisti<\/p>\n\n\n\n<blockquote class=\"wp-block-quote is-layout-flow wp-block-quote-is-layout-flow\">\n<p>\u201cSolmin kehooni kokonaan uuden suhteen, opin kuuntelemaan sit\u00e4. T\u00e4st\u00e4 oli konkreettisia seurauksia arkeeni ja k\u00e4sitykseeni minusta.\u201d (asiakas)<\/p>\n\n\n\n<blockquote class=\"wp-block-quote is-layout-flow wp-block-quote-is-layout-flow\">\n<p>\u201cIn therapy I breathe and give space for my mind and body. I just try to accept what is in me and things start to change.\u201d (client)<\/p>\n<\/blockquote>\n<\/blockquote>\n","protected":false},"excerpt":{"rendered":"<p>Tiina Nuto \u2013 psykoterapeutti, kehopsykoterapeutti, EMDR-terapeutti, sairaanhoitaja, journalisti<\/p>\n","protected":false},"author":1,"featured_media":0,"parent":0,"menu_order":0,"comment_status":"closed","ping_status":"closed","template":"","meta":{"footnotes":""},"class_list":["post-46","page","type-page","status-publish","hentry"],"_links":{"self":[{"href":"https:\/\/tiinanuto.fi\/index.php\/wp-json\/wp\/v2\/pages\/46","targetHints":{"allow":["GET"]}}],"collection":[{"href":"https:\/\/tiinanuto.fi\/index.php\/wp-json\/wp\/v2\/pages"}],"about":[{"href":"https:\/\/tiinanuto.fi\/index.php\/wp-json\/wp\/v2\/types\/page"}],"author":[{"embeddable":true,"href":"https:\/\/tiinanuto.fi\/index.php\/wp-json\/wp\/v2\/users\/1"}],"replies":[{"embeddable":true,"href":"https:\/\/tiinanuto.fi\/index.php\/wp-json\/wp\/v2\/comments?post=46"}],"version-history":[{"count":11,"href":"https:\/\/tiinanuto.fi\/index.php\/wp-json\/wp\/v2\/pages\/46\/revisions"}],"predecessor-version":[{"id":275,"href":"https:\/\/tiinanuto.fi\/index.php\/wp-json\/wp\/v2\/pages\/46\/revisions\/275"}],"wp:attachment":[{"href":"https:\/\/tiinanuto.fi\/index.php\/wp-json\/wp\/v2\/media?parent=46"}],"curies":[{"name":"wp","href":"https:\/\/api.w.org\/{rel}","templated":true}]}}