{"id":341,"date":"2025-03-19T15:13:18","date_gmt":"2025-03-19T15:13:18","guid":{"rendered":"https:\/\/tiinanuto.fi\/?page_id=341"},"modified":"2025-03-19T16:52:18","modified_gmt":"2025-03-19T16:52:18","slug":"teoreettista-perustaa","status":"publish","type":"page","link":"https:\/\/tiinanuto.fi\/index.php\/teoreettista-perustaa\/","title":{"rendered":"Kehopsykoterapia"},"content":{"rendered":"\n<p>Edustamani psykoterapeuttikoulutus kuuluu psykoanalyyttisen \u2013 psykodynaamisen sateenvarjon alle. Psykodynaaminen psykoterapia on vanhimpia terapiasuuntauksia. Sen perusajatuksia on, ett\u00e4 menneisyys vaikuttaa ihmisen nykyiseen kokemusmaailmaan ja ett\u00e4 terapiassa toivottuja muutoksia tapahtuu tiiviiss\u00e4 ja riitt\u00e4v\u00e4n turvallisessa hoitosuhteessa. <a href=\"https:\/\/www.mielenterveystalo.fi\/fi\/terapia\/psykoterapian-suuntaukset\" target=\"_blank\" rel=\"noreferrer noopener\">Psykoterapiasuuntauksia.<\/a><\/p>\n\n\n\n<p>Psykodynaamisen psykoterapian pohjalta kehittyi jo varhain koulukuntia, miss\u00e4 ihmisk\u00e4sityksess\u00e4 ja hoidossa painotettiin kehon ja mielen keskin\u00e4ist\u00e4 toimintaa (mm. autonominen hermosto) voimakkaammin kuin esimerkiksi varhaisessa psykoanalyysissa. Eurooppalaisista ja amerikkalaisisista kehopsykoterapeuttisista (bodypsychotherapy) koulukunnista l\u00f6ytyy tietoja esimerkiksi kattoj\u00e4rjest\u00f6 <a href=\"https:\/\/eabp.org\/about\/about-body-psychotherapy\/\" target=\"_blank\" rel=\"noreferrer noopener\">EABP:sta. <\/a><\/p>\n\n\n\n<p>Yksi kehopsykoterapeuttinen koulukunta on <a href=\"https:\/\/www.kehopsykoterapia.fi\/\" target=\"_blank\" rel=\"noreferrer noopener\">luonneanalyyttinen kehopsykoterapia<\/a>, mist\u00e4 itse olen valmistunut. Sen historia alkaa 1900-luvun alkupuolelta. Luonneanalyysissa ajatellaan, ett\u00e4 luonne ilmenee meiss\u00e4 muun muassa asenteina, asentoina, toimintatapoina, stressi- ja j\u00e4nnitystiloina. Luonnetta on mahdollista analysoida ja muokata. Suomessa luonneanalyyttisen koulutuksen saaneita psykoterapeutteja on valmistunut l\u00e4hes vuoteen 2010 saakka, jolloin koulutus siirtyi yliopistojen alaisuuteen.<\/p>\n\n\n\n<p>Lis\u00e4koulutuksia minulla on uudemmista kehopsykoterapeuttisista menetelmist\u00e4 kuten psykofyysisest\u00e4 psykoterapiasta, joka on viimeisten vuosikymmenten aikana voimakkaasti kehittynyt suuntaus. Se on hy\u00f6dynt\u00e4nyt neurotieteiden tuloksia. Psykofyysisessa menetelm\u00e4ss\u00e4 keho-mieliyhteyden huomiointi on keskeist\u00e4 ja puhumisen lis\u00e4ksi ty\u00f6skennell\u00e4\u00e4n paljon kehollisesti, my\u00f6s sanattomassa vuorovaikutuksessa. <a href=\"https:\/\/www.psykofyysinenpsykoterapia.fi\/\" target=\"_blank\" rel=\"noreferrer noopener\">Lis\u00e4tietoja.<\/a><\/p>\n\n\n\n<p>Olen kouluttautunut EMDR-terapeutiksi ja k\u00e4yt\u00e4n silm\u00e4nliiketerapiaa ty\u00f6v\u00e4lineen\u00e4 vaikeiden kokemusten ty\u00f6st\u00e4misess\u00e4. EMDR:n avullla voi k\u00e4sitell\u00e4 muistoja, jotka h\u00e4iritsev\u00e4t nykyhetkess\u00e4 ja menetelm\u00e4 voi nopeuttaa traumasta toipumista ja v\u00e4hent\u00e4\u00e4 koettua stressi\u00e4 menneisyyden tapahtumista. <a href=\"https:\/\/emdr.fi\/\" target=\"_blank\" rel=\"noreferrer noopener\">Tietoa emdr:sta.<\/a><\/p>\n\n\n\n<p>Koska terapian vaikutus syntyy asiakkaan ja terapeutin v\u00e4lisess\u00e4 vuorovaikutuksessa, k\u00e4yt\u00e4n ty\u00f6v\u00e4lineit\u00e4, jotka parhaiten soveltuvat kulloiseenkin terapiasuhteeseen. K\u00e4yt\u00e4n sen vuoksi muitakin kuin yll\u00e4 mainittuja menetelmi\u00e4, esimerkkin\u00e4 kognitiivisen k\u00e4ytt\u00e4ytymisterapian ja &nbsp;kognitiivis-analyyttisen terapian ty\u00f6tavat.<\/p>\n","protected":false},"excerpt":{"rendered":"<p>Edustamani psykoterapeuttikoulutus kuuluu psykoanalyyttisen \u2013 psykodynaamisen sateenvarjon alle. Psykodynaaminen psykoterapia on vanhimpia terapiasuuntauksia. Sen perusajatuksia on, ett\u00e4 menneisyys vaikuttaa ihmisen nykyiseen kokemusmaailmaan ja ett\u00e4 terapiassa toivottuja muutoksia tapahtuu tiiviiss\u00e4 ja riitt\u00e4v\u00e4n turvallisessa hoitosuhteessa. Psykoterapiasuuntauksia. Psykodynaamisen psykoterapian pohjalta kehittyi jo varhain koulukuntia, miss\u00e4 ihmisk\u00e4sityksess\u00e4 ja hoidossa painotettiin kehon ja mielen keskin\u00e4ist\u00e4 toimintaa (mm. autonominen hermosto) voimakkaammin &hellip; <\/p>\n<p class=\"link-more\"><a href=\"https:\/\/tiinanuto.fi\/index.php\/teoreettista-perustaa\/\" class=\"more-link\">Jatka lukemista<span class=\"screen-reader-text\"> &#8221;Kehopsykoterapia&#8221;<\/span><\/a><\/p>\n","protected":false},"author":1,"featured_media":0,"parent":0,"menu_order":0,"comment_status":"closed","ping_status":"closed","template":"","meta":{"footnotes":""},"class_list":["post-341","page","type-page","status-publish","hentry"],"_links":{"self":[{"href":"https:\/\/tiinanuto.fi\/index.php\/wp-json\/wp\/v2\/pages\/341","targetHints":{"allow":["GET"]}}],"collection":[{"href":"https:\/\/tiinanuto.fi\/index.php\/wp-json\/wp\/v2\/pages"}],"about":[{"href":"https:\/\/tiinanuto.fi\/index.php\/wp-json\/wp\/v2\/types\/page"}],"author":[{"embeddable":true,"href":"https:\/\/tiinanuto.fi\/index.php\/wp-json\/wp\/v2\/users\/1"}],"replies":[{"embeddable":true,"href":"https:\/\/tiinanuto.fi\/index.php\/wp-json\/wp\/v2\/comments?post=341"}],"version-history":[{"count":8,"href":"https:\/\/tiinanuto.fi\/index.php\/wp-json\/wp\/v2\/pages\/341\/revisions"}],"predecessor-version":[{"id":353,"href":"https:\/\/tiinanuto.fi\/index.php\/wp-json\/wp\/v2\/pages\/341\/revisions\/353"}],"wp:attachment":[{"href":"https:\/\/tiinanuto.fi\/index.php\/wp-json\/wp\/v2\/media?parent=341"}],"curies":[{"name":"wp","href":"https:\/\/api.w.org\/{rel}","templated":true}]}}